{"id":3899,"date":"2024-09-26T20:59:46","date_gmt":"2024-09-26T20:59:46","guid":{"rendered":"https:\/\/oscarsanchez.art\/?page_id=3899"},"modified":"2025-11-09T13:25:38","modified_gmt":"2025-11-09T20:25:38","slug":"exposiciones","status":"publish","type":"page","link":"https:\/\/oscarsanchez.art\/en\/exposiciones\/","title":{"rendered":"Exhibitions"},"content":{"rendered":"<div class=\"wp-block-stackable-spacer stk-block-spacer stk--no-padding stk-block stk-d3c072a\" data-block-id=\"d3c072a\"><\/div>\n\n\n\n<div class=\"wp-block-stackable-heading stk-block-heading stk-block-heading--v2 stk-block stk-365db35\" id=\"los-cabos-bc\" data-block-id=\"365db35\"><style>.stk-365db35 .stk-block-heading__text{font-weight:100 !important;font-style:normal !important;}<\/style><h4 class=\"stk-block-heading__text has-text-align-center\">Exhibitions in San Jos\u00e9 del Cabo, BCS<\/h4><\/div>\n\n\n\n<div class=\"wp-block-stackable-columns stk-block-columns stk-block stk-7256d59 stk-block-background stk--has-background-overlay\" data-block-id=\"7256d59\"><style>.stk-7256d59 {background-color:#fcb900 !important;background-image:url(https:\/\/oscarsanchez.art\/wp-content\/uploads\/2024\/10\/Expo1.jpg) !important;border-top-left-radius:24px !important;border-top-right-radius:24px !important;border-bottom-right-radius:24px !important;border-bottom-left-radius:24px !important;overflow:hidden !important;box-shadow:7px 5px 30px #48497927 !important;border-style:solid !important;border-color:#e2a602 !important;padding-left:30px !important;}.stk-7256d59:before{background-color:#fcb900 !important;opacity:0.5 !important;}<\/style><div class=\"stk-row stk-inner-blocks stk-block-content stk-content-align stk-7256d59-column\">\n<div class=\"wp-block-stackable-column stk-block-column stk-column stk-block stk-42461ae\" data-v=\"4\" data-block-id=\"42461ae\"><style>.stk-42461ae {align-self:center !important;}@media screen and (max-width:689px){.stk-42461ae {margin-left:-10px !important;}}<\/style><div class=\"stk-column-wrapper stk-block-column__content stk-container stk-42461ae-container stk--no-background stk--no-padding\"><div class=\"stk-block-content stk-inner-blocks stk-42461ae-inner-blocks\">\n<div class=\"wp-block-stackable-text stk-block-text stk-block stk-483cb06\" id=\"en-toda-la-obra-exhibida-el-dia-del-evento\" data-block-id=\"483cb06\"><style>.stk-483cb06 {margin-bottom:27px !important;}.stk-483cb06 .stk-block-text__text{font-size:30px !important;color:#000000 !important;font-weight:900 !important;}@media screen and (max-width:999px){.stk-483cb06 .stk-block-text__text{font-size:30px !important;}}<\/style><p class=\"stk-block-text__text has-text-color has-text-align-center\">Los Cabos Art Garden<\/p><\/div>\n\n\n\n<div class=\"wp-block-stackable-image stk-block-image stk-block stk-15f24d4\" data-block-id=\"15f24d4\"><style>.stk-15f24d4 {margin-bottom:23px !important;}.stk-15f24d4 .stk-img-wrapper{width:60% !important;}<\/style><figure><span class=\"stk-img-wrapper stk-image--shape-stretch\"><img decoding=\"async\" class=\"stk-img wp-image-6974 lazyload\" data-src=\"https:\/\/oscarsanchez.art\/wp-content\/uploads\/2025\/11\/JardinDelArte_Logo_Final.jpg\" width=\"1200\" height=\"960\" alt=\"Jard\u00edn del Arte\" data-srcset=\"https:\/\/oscarsanchez.art\/wp-content\/uploads\/2025\/11\/JardinDelArte_Logo_Final.jpg 1200w, https:\/\/oscarsanchez.art\/wp-content\/uploads\/2025\/11\/JardinDelArte_Logo_Final-300x240.jpg 300w, https:\/\/oscarsanchez.art\/wp-content\/uploads\/2025\/11\/JardinDelArte_Logo_Final-1024x819.jpg 1024w, https:\/\/oscarsanchez.art\/wp-content\/uploads\/2025\/11\/JardinDelArte_Logo_Final-768x614.jpg 768w, https:\/\/oscarsanchez.art\/wp-content\/uploads\/2025\/11\/JardinDelArte_Logo_Final-15x12.jpg 15w, https:\/\/oscarsanchez.art\/wp-content\/uploads\/2025\/11\/JardinDelArte_Logo_Final-500x400.jpg 500w, https:\/\/oscarsanchez.art\/wp-content\/uploads\/2025\/11\/JardinDelArte_Logo_Final-800x640.jpg 800w, https:\/\/oscarsanchez.art\/wp-content\/uploads\/2025\/11\/JardinDelArte_Logo_Final-600x480.jpg 600w\" data-sizes=\"auto, (max-width: 1200px) 100vw, 1200px\" src=\"data:image\/svg+xml;base64,PHN2ZyB3aWR0aD0iMSIgaGVpZ2h0PSIxIiB4bWxucz0iaHR0cDovL3d3dy53My5vcmcvMjAwMC9zdmciPjwvc3ZnPg==\" style=\"--smush-placeholder-width: 1200px; --smush-placeholder-aspect-ratio: 1200\/960;\" \/><\/span><\/figure><\/div>\n\n\n\n<div class=\"wp-block-stackable-text stk-block-text stk-block stk-33705c2\" id=\"en-toda-la-obra-exhibida-el-dia-del-evento\" data-block-id=\"33705c2\"><style>.stk-33705c2 {margin-bottom:0px !important;}.stk-33705c2 .stk-block-text__text{font-size:24px !important;color:var(--theme-palette-color-4, #293241) !important;font-weight:900 !important;}@media screen and (max-width:999px){.stk-33705c2 .stk-block-text__text{font-size:24px !important;}}<\/style><p class=\"stk-block-text__text has-text-color has-text-align-center\">Thursday, Tuesday, and Saturday<\/p><\/div>\n\n\n\n<div class=\"wp-block-stackable-text stk-block-text stk-block stk-0becbcc\" id=\"en-toda-la-obra-exhibida-el-dia-del-evento\" data-block-id=\"0becbcc\"><style>.stk-0becbcc {margin-bottom:21px !important;}.stk-0becbcc .stk-block-text__text{color:var(--theme-palette-color-4, #293241) !important;}<\/style><p class=\"stk-block-text__text has-text-color has-text-align-center\">6 to 9 pm<\/p><\/div>\n\n\n\n<div class=\"wp-block-stackable-text stk-block-text stk-block stk-a2abf43\" id=\"en-toda-la-obra-exhibida-el-dia-del-evento\" data-block-id=\"a2abf43\"><style>.stk-a2abf43 {margin-bottom:0px !important;}.stk-a2abf43 .stk-block-text__text{font-size:24px !important;color:var(--theme-palette-color-4, #293241) !important;font-weight:900 !important;}@media screen and (max-width:999px){.stk-a2abf43 .stk-block-text__text{font-size:24px !important;}}<\/style><p class=\"stk-block-text__text has-text-color has-text-align-center\">Mijares Plaza<\/p><\/div>\n\n\n\n<div class=\"wp-block-stackable-text stk-block-text stk-block stk-67409a4\" id=\"en-toda-la-obra-exhibida-el-dia-del-evento\" data-block-id=\"67409a4\"><style>.stk-67409a4 {margin-bottom:0px !important;}.stk-67409a4 .stk-block-text__text{color:var(--theme-palette-color-4, #293241) !important;}<\/style><p class=\"stk-block-text__text has-text-color has-text-align-center\">Col. Centro<\/p><\/div>\n\n\n\n<div class=\"wp-block-stackable-text stk-block-text stk-block stk-cd553ab\" id=\"en-toda-la-obra-exhibida-el-dia-del-evento\" data-block-id=\"cd553ab\"><style>.stk-cd553ab {margin-bottom:30px !important;}.stk-cd553ab .stk-block-text__text{color:var(--theme-palette-color-4, #293241) !important;}<\/style><p class=\"stk-block-text__text has-text-color has-text-align-center\">San Jose del Cabo<\/p><\/div>\n\n\n\n<div class=\"wp-block-stackable-columns stk-block-columns stk-block stk-3ab60f7\" data-block-id=\"3ab60f7\"><div class=\"stk-row stk-inner-blocks stk-block-content stk-content-align stk-3ab60f7-column\">\n<div class=\"wp-block-stackable-column stk-block-column stk-column stk-block stk-7ac7527\" data-v=\"4\" data-block-id=\"7ac7527\"><style>.stk-7ac7527-container{max-width:400px !important;min-width:auto !important;margin-right:auto !important;margin-left:auto !important;}<\/style><div class=\"stk-column-wrapper stk-block-column__content stk-container stk-7ac7527-container stk--no-background stk--no-padding\"><div class=\"stk-block-content stk-inner-blocks stk-7ac7527-inner-blocks\">\n<div class=\"wp-block-stackable-map stk-block-map stk-block stk-8713700\" data-block-id=\"8713700\"><style>.stk-8713700 {margin-bottom:0px !important;}@media screen and (max-width:999px){.stk-8713700 .stk-block-map__canvas, .stk-8713700 iframe{height:400px !important;}}@media screen and (max-width:689px){.stk-8713700 .stk-block-map__canvas, .stk-8713700 iframe{height:200px !important;}}<\/style><iframe\n\t\t\t\t\t\ttitle=\"Embedded content from Google Maps Platform.\"\n\t\t\t\t\t\tsrc=\"https:\/\/maps.google.com\/maps?q=Plaza Mijares San Jos\u00e9 del Cabo&#038;t=&#038;z=12&#038;ie=UTF8&#038;output=embed\"\n\t\t\t\t\t\tstyle=\"border:0;width:100%;max-width:none;max-height:none;height:100%;\"\n\t\t\t\t\t\taria-hidden=\"false\"\n\t\t\t\t\t\ttabindex=\"0\"\n\t\t\t\t\t\tallowfullscreen\n\t\t\t\t\t\tloading=\"lazy\"\n\t\t\t\t\t\tframeborder=\"0\"\n\t\t\t\t\t><\/iframe><\/div>\n<\/div><\/div><\/div>\n<\/div><\/div>\n\n\n\n<div class=\"wp-block-stackable-spacer stk-block-spacer stk--no-padding stk-block stk-a07a378\" data-block-id=\"a07a378\"><\/div>\n<\/div><\/div><\/div>\n<\/div><\/div>\n\n\n\n<div class=\"wp-block-stackable-spacer stk-block-spacer stk--no-padding stk-block stk-993ce41\" data-block-id=\"993ce41\"><\/div>\n\n\n\n<div class=\"wp-block-stackable-columns stk-block-columns stk-block stk-a7db7d1 stk-block-background stk--has-background-overlay\" data-block-id=\"a7db7d1\"><style>.stk-a7db7d1 {background-color:#8aa053 !important;background-image:url(https:\/\/oscarsanchez.art\/wp-content\/uploads\/2024\/10\/Expo1.jpg) !important;border-top-left-radius:24px !important;border-top-right-radius:24px !important;border-bottom-right-radius:24px !important;border-bottom-left-radius:24px !important;overflow:hidden !important;box-shadow:7px 5px 30px #48497927 !important;border-style:solid !important;border-color:#e2a602 !important;padding-left:30px !important;}.stk-a7db7d1:before{background-color:#8aa053 !important;opacity:0.5 !important;}<\/style><div class=\"stk-row stk-inner-blocks stk-block-content stk-content-align stk-a7db7d1-column\">\n<div class=\"wp-block-stackable-column stk-block-column stk-column stk-block stk-58fd512\" data-v=\"4\" data-block-id=\"58fd512\"><style>.stk-58fd512 {align-self:center !important;}.stk-58fd512-container{max-width:400px !important;min-width:auto !important;margin-right:auto !important;margin-left:auto !important;}@media screen and (max-width:689px){.stk-58fd512 {margin-left:-10px !important;}}<\/style><div class=\"stk-column-wrapper stk-block-column__content stk-container stk-58fd512-container stk--no-background stk--no-padding\"><div class=\"stk-block-content stk-inner-blocks stk-58fd512-inner-blocks\">\n<div class=\"wp-block-stackable-text stk-block-text stk-block stk-b98a388\" id=\"en-toda-la-obra-exhibida-el-dia-del-evento\" data-block-id=\"b98a388\"><style>.stk-b98a388 {margin-bottom:27px !important;}.stk-b98a388 .stk-block-text__text{font-size:30px !important;color:#fffffe !important;font-weight:900 !important;}@media screen and (max-width:999px){.stk-b98a388 .stk-block-text__text{font-size:30px !important;}}<\/style><p class=\"stk-block-text__text has-text-color has-text-align-center\">Plaza Del Pescador<\/p><\/div>\n\n\n\n<div class=\"wp-block-stackable-image stk-block-image stk-block stk-9857a48\" data-block-id=\"9857a48\"><style>.stk-9857a48 {overflow:hidden !important;}.stk-9857a48 .stk-img-wrapper{width:349px !important;height:349px !important;}<\/style><figure><span class=\"stk-img-wrapper stk-image--shape-stretch\"><img decoding=\"async\" class=\"stk-img wp-image-6948 lazyload\" data-src=\"https:\/\/oscarsanchez.art\/wp-content\/uploads\/2025\/11\/PlazaDelPescador.jpg\" width=\"347\" height=\"347\" alt=\"Plaza Del Pescador\" data-srcset=\"https:\/\/oscarsanchez.art\/wp-content\/uploads\/2025\/11\/PlazaDelPescador.jpg 347w, https:\/\/oscarsanchez.art\/wp-content\/uploads\/2025\/11\/PlazaDelPescador-300x300.jpg 300w, https:\/\/oscarsanchez.art\/wp-content\/uploads\/2025\/11\/PlazaDelPescador-150x150.jpg 150w, https:\/\/oscarsanchez.art\/wp-content\/uploads\/2025\/11\/PlazaDelPescador-12x12.jpg 12w, https:\/\/oscarsanchez.art\/wp-content\/uploads\/2025\/11\/PlazaDelPescador-100x100.jpg 100w\" data-sizes=\"auto, (max-width: 347px) 100vw, 347px\" src=\"data:image\/svg+xml;base64,PHN2ZyB3aWR0aD0iMSIgaGVpZ2h0PSIxIiB4bWxucz0iaHR0cDovL3d3dy53My5vcmcvMjAwMC9zdmciPjwvc3ZnPg==\" style=\"--smush-placeholder-width: 347px; --smush-placeholder-aspect-ratio: 347\/347;\" \/><\/span><\/figure><\/div>\n\n\n\n<div class=\"wp-block-stackable-text stk-block-text stk-block stk-3edf440\" id=\"en-toda-la-obra-exhibida-el-dia-del-evento\" data-block-id=\"3edf440\"><style>.stk-3edf440 {margin-bottom:0px !important;}.stk-3edf440 .stk-block-text__text{font-size:24px !important;color:#fffffe !important;font-weight:900 !important;}@media screen and (max-width:999px){.stk-3edf440 .stk-block-text__text{font-size:24px !important;}}<\/style><p class=\"stk-block-text__text has-text-color has-text-align-center\">Wednesday<\/p><\/div>\n\n\n\n<div class=\"wp-block-stackable-text stk-block-text stk-block stk-d843fe0\" id=\"en-toda-la-obra-exhibida-el-dia-del-evento\" data-block-id=\"d843fe0\"><style>.stk-d843fe0 {margin-bottom:21px !important;}.stk-d843fe0 .stk-block-text__text{color:#fffffe !important;}<\/style><p class=\"stk-block-text__text has-text-color has-text-align-center\">6 to 9 pm<\/p><\/div>\n\n\n\n<div class=\"wp-block-stackable-text stk-block-text stk-block stk-d014382\" id=\"en-toda-la-obra-exhibida-el-dia-del-evento\" data-block-id=\"d014382\"><style>.stk-d014382 {margin-bottom:0px !important;}.stk-d014382 .stk-block-text__text{color:#ffffff !important;}<\/style><p class=\"stk-block-text__text has-text-color has-text-align-center\">Paseo Malec\u00f3n San Jos\u00e9<\/p><\/div>\n\n\n\n<div class=\"wp-block-stackable-text stk-block-text stk-block stk-a5be84a\" id=\"en-toda-la-obra-exhibida-el-dia-del-evento\" data-block-id=\"a5be84a\"><style>.stk-a5be84a {margin-bottom:0px !important;}.stk-a5be84a .stk-block-text__text{color:#fffffe !important;}<\/style><p class=\"stk-block-text__text has-text-color has-text-align-center\">Campo de Golf Fonatur<\/p><\/div>\n\n\n\n<div class=\"wp-block-stackable-text stk-block-text stk-block stk-b4e6a9d\" id=\"en-toda-la-obra-exhibida-el-dia-del-evento\" data-block-id=\"b4e6a9d\"><style>.stk-b4e6a9d {margin-bottom:30px !important;}.stk-b4e6a9d .stk-block-text__text{color:#fffffe !important;}<\/style><p class=\"stk-block-text__text has-text-color has-text-align-center\">San Jose del Cabo<\/p><\/div>\n\n\n\n<div class=\"wp-block-stackable-columns stk-block-columns stk-block stk-4eef711\" data-block-id=\"4eef711\"><div class=\"stk-row stk-inner-blocks stk-block-content stk-content-align stk-4eef711-column\">\n<div class=\"wp-block-stackable-column stk-block-column stk-column stk-block stk-28e8e00\" data-v=\"4\" data-block-id=\"28e8e00\"><style>.stk-28e8e00-container{max-width:400px !important;min-width:auto !important;margin-right:auto !important;margin-left:auto !important;}<\/style><div class=\"stk-column-wrapper stk-block-column__content stk-container stk-28e8e00-container stk--no-background stk--no-padding\"><div class=\"stk-block-content stk-inner-blocks stk-28e8e00-inner-blocks\">\n<div class=\"wp-block-stackable-map stk-block-map stk-block stk-45973ec\" data-block-id=\"45973ec\"><style>.stk-45973ec {margin-bottom:0px !important;}@media screen and (max-width:999px){.stk-45973ec .stk-block-map__canvas, .stk-45973ec iframe{height:400px !important;}}@media screen and (max-width:689px){.stk-45973ec .stk-block-map__canvas, .stk-45973ec iframe{height:200px !important;}}<\/style><iframe\n\t\t\t\t\t\ttitle=\"Embedded content from Google Maps Platform.\"\n\t\t\t\t\t\tsrc=\"https:\/\/maps.google.com\/maps?q=Plaza Del Pescador San Jos\u00e9 del Cabo&#038;t=&#038;z=12&#038;ie=UTF8&#038;output=embed\"\n\t\t\t\t\t\tstyle=\"border:0;width:100%;max-width:none;max-height:none;height:100%;\"\n\t\t\t\t\t\taria-hidden=\"false\"\n\t\t\t\t\t\ttabindex=\"0\"\n\t\t\t\t\t\tallowfullscreen\n\t\t\t\t\t\tloading=\"lazy\"\n\t\t\t\t\t\tframeborder=\"0\"\n\t\t\t\t\t><\/iframe><\/div>\n<\/div><\/div><\/div>\n<\/div><\/div>\n\n\n\n<div class=\"wp-block-stackable-text stk-block-text stk-block stk-ae3dbf4 ticss-ae3dbf46\" data-block-id=\"ae3dbf4\"><p class=\"stk-block-text__text has-text-align-center\"><a href=\"http:\/\/plazadelpescador.com\/\" target=\"_blank\" rel=\"noreferrer noopener\">plazadelpescador.com<\/a><\/p><\/div>\n<\/div><\/div><\/div>\n<\/div><\/div>\n\n\n\n<div class=\"wp-block-stackable-spacer stk-block-spacer stk--no-padding stk-block stk-771d081\" data-block-id=\"771d081\"><\/div>\n\n\n\n<div class=\"wp-block-stackable-text stk-block-text stk-block stk-f909409\" data-block-id=\"f909409\"><p class=\"stk-block-text__text\"><\/p><\/div>","protected":false},"excerpt":{"rendered":"<p>Exposiciones P\u00fablicas en San Jos\u00e9 del Cabo BCS Jard\u00edn del Arte Los Cabos Jueves, Martes y S\u00e1bado 6 a 9 pm Plaza Andador Mijares Col. Centro San Jos\u00e9 del Cabo Plaza Del Pescador Mi\u00e9rcoles 6 a 9 pm Paseo Malec\u00f3n San Jos\u00e9 Campo de Golf Fonatur San Jos\u00e9 del Cabo plazadelpescador.com<\/p>","protected":false},"author":1,"featured_media":0,"parent":0,"menu_order":0,"comment_status":"closed","ping_status":"closed","template":"","meta":{"_themeisle_gutenberg_block_has_review":false,"_vp_format_video_url":"","_vp_image_focal_point":[],"footnotes":""},"class_list":["post-3899","page","type-page","status-publish","hentry"],"blocksy_meta":{"disable_header":"no","disable_footer":"no","styles_descriptor":{"styles":{"desktop":"","tablet":"","mobile":""},"google_fonts":[],"version":6}},"_links":{"self":[{"href":"https:\/\/oscarsanchez.art\/en\/wp-json\/wp\/v2\/pages\/3899","targetHints":{"allow":["GET"]}}],"collection":[{"href":"https:\/\/oscarsanchez.art\/en\/wp-json\/wp\/v2\/pages"}],"about":[{"href":"https:\/\/oscarsanchez.art\/en\/wp-json\/wp\/v2\/types\/page"}],"author":[{"embeddable":true,"href":"https:\/\/oscarsanchez.art\/en\/wp-json\/wp\/v2\/users\/1"}],"replies":[{"embeddable":true,"href":"https:\/\/oscarsanchez.art\/en\/wp-json\/wp\/v2\/comments?post=3899"}],"version-history":[{"count":88,"href":"https:\/\/oscarsanchez.art\/en\/wp-json\/wp\/v2\/pages\/3899\/revisions"}],"predecessor-version":[{"id":7021,"href":"https:\/\/oscarsanchez.art\/en\/wp-json\/wp\/v2\/pages\/3899\/revisions\/7021"}],"wp:attachment":[{"href":"https:\/\/oscarsanchez.art\/en\/wp-json\/wp\/v2\/media?parent=3899"}],"curies":[{"name":"wp","href":"https:\/\/api.w.org\/{rel}","templated":true}]}}